{"id":50122,"date":"2018-06-28T21:50:03","date_gmt":"2018-06-28T18:50:03","guid":{"rendered":"https:\/\/store.lindstromgroup.com\/verkkokauppa\/Ei-luokiteltu\/foam-soap-500-ml\/"},"modified":"2026-02-06T18:45:03","modified_gmt":"2026-02-06T16:45:03","slug":"foam-soap-500-ml","status":"publish","type":"product","link":"https:\/\/store.lindstromgroup.com\/en\/webstore\/hygiene\/detergents\/foam-soaps\/foam-soap-500-ml\/","title":{"rendered":"FOAM SOAP 500 ML"},"content":{"rendered":"<p>Foam soap approx. 1,250 portions \/ 500 mlFor Paradise dispensers CS29 and CS71.<\/p>\n","protected":false},"excerpt":{"rendered":"<p>Foam soap approx. 1,250 portions \/ 500 mlFor Paradise dispensers CS29 and CS71.<\/p>\n","protected":false},"featured_media":0,"template":"","meta":{"_acf_changed":false,"product_number":"","standard1":"","standard2":"","standard3":"","standard4":"","standard5":"","standard6":"","standard7":"","standard8":"","notifiedbody":"","notifiedbodycode":"","notifiedbodyaddress":"","issuedate":"","certno":"","ppecat":""},"product_brand":[],"product_cat":[1323,1325,1293],"product_tag":[],"class_list":{"0":"post-50122","1":"product","2":"type-product","3":"status-publish","5":"product_cat-detergents","6":"product_cat-foam-soaps","7":"product_cat-hygiene","9":"first","10":"instock","11":"taxable","12":"shipping-taxable","13":"product-type-simple"},"acf":[],"yoast_head":"<!-- This site is optimized with the Yoast SEO plugin v26.9 - https:\/\/yoast.com\/product\/yoast-seo-wordpress\/ -->\n<title>FOAM SOAP 500 ML - Lindstr\u00f6m<\/title>\n<meta name=\"robots\" content=\"noindex, follow, max-snippet:-1, max-image-preview:large, max-video-preview:-1\" \/>\n<meta property=\"og:locale\" content=\"en_US\" \/>\n<meta property=\"og:type\" content=\"article\" \/>\n<meta property=\"og:title\" content=\"FOAM SOAP 500 ML - Lindstr\u00f6m\" \/>\n<meta property=\"og:description\" content=\"Foam soap approx. 1,250 portions \/ 500 mlFor Paradise dispensers CS29 and CS71.\" \/>\n<meta property=\"og:url\" content=\"https:\/\/store.lindstromgroup.com\/en\/webstore\/hygiene\/detergents\/foam-soaps\/foam-soap-500-ml\/\" \/>\n<meta property=\"og:site_name\" content=\"Lindstr\u00f6m Verkkokauppa\" \/>\n<meta property=\"article:publisher\" content=\"https:\/\/www.facebook.com\/lindstromsuomi\/\" \/>\n<meta property=\"article:modified_time\" content=\"2026-02-06T16:45:03+00:00\" \/>\n<meta property=\"og:image\" content=\"https:\/\/store.lindstromgroup.com\/wp-content\/uploads\/2017\/11\/some-jako-1.jpg\" \/>\n\t<meta property=\"og:image:width\" content=\"1500\" \/>\n\t<meta property=\"og:image:height\" content=\"1001\" \/>\n\t<meta property=\"og:image:type\" content=\"image\/jpeg\" \/>\n<meta name=\"twitter:card\" content=\"summary_large_image\" \/>\n<meta name=\"twitter:site\" content=\"@GroupLindstrom\" \/>\n<script type=\"application\/ld+json\" class=\"yoast-schema-graph\">{\"@context\":\"https:\/\/schema.org\",\"@graph\":[{\"@type\":\"WebPage\",\"@id\":\"https:\/\/store.lindstromgroup.com\/en\/webstore\/hygiene\/detergents\/foam-soaps\/foam-soap-500-ml\/\",\"url\":\"https:\/\/store.lindstromgroup.com\/en\/webstore\/hygiene\/detergents\/foam-soaps\/foam-soap-500-ml\/\",\"name\":\"FOAM SOAP 500 ML - Lindstr\u00f6m\",\"isPartOf\":{\"@id\":\"https:\/\/store.lindstromgroup.com\/en\/#website\"},\"datePublished\":\"2018-06-28T18:50:03+00:00\",\"dateModified\":\"2026-02-06T16:45:03+00:00\",\"breadcrumb\":{\"@id\":\"https:\/\/store.lindstromgroup.com\/en\/webstore\/hygiene\/detergents\/foam-soaps\/foam-soap-500-ml\/#breadcrumb\"},\"inLanguage\":\"en-US\",\"potentialAction\":[{\"@type\":\"ReadAction\",\"target\":[\"https:\/\/store.lindstromgroup.com\/en\/webstore\/hygiene\/detergents\/foam-soaps\/foam-soap-500-ml\/\"]}]},{\"@type\":\"BreadcrumbList\",\"@id\":\"https:\/\/store.lindstromgroup.com\/en\/webstore\/hygiene\/detergents\/foam-soaps\/foam-soap-500-ml\/#breadcrumb\",\"itemListElement\":[{\"@type\":\"ListItem\",\"position\":1,\"name\":\"\",\"item\":\"https:\/\/store.lindstromgroup.com\/en\/\"},{\"@type\":\"ListItem\",\"position\":2,\"name\":\"Shop\",\"item\":\"https:\/\/store.lindstromgroup.com\/en\/shop\/\"},{\"@type\":\"ListItem\",\"position\":3,\"name\":\"Hygiene\",\"item\":\"https:\/\/store.lindstromgroup.com\/en\/product-category\/hygiene\/\"},{\"@type\":\"ListItem\",\"position\":4,\"name\":\"Detergents\",\"item\":\"https:\/\/store.lindstromgroup.com\/en\/product-category\/hygiene\/detergents\/\"},{\"@type\":\"ListItem\",\"position\":5,\"name\":\"Foam soaps\",\"item\":\"https:\/\/store.lindstromgroup.com\/en\/product-category\/hygiene\/detergents\/foam-soaps\/\"},{\"@type\":\"ListItem\",\"position\":6,\"name\":\"FOAM SOAP 500 ML\"}]},{\"@type\":\"WebSite\",\"@id\":\"https:\/\/store.lindstromgroup.com\/en\/#website\",\"url\":\"https:\/\/store.lindstromgroup.com\/en\/\",\"name\":\"Lindstr\u00f6m Verkkokauppa\",\"description\":\"Lindstr\u00f6m on yksi Euroopan johtavista tekstiilipalveluyrityksist\u00e4. Meill\u00e4 on yli 165 vuoden kokemus alalta. Tarjoamme kattavat tekstiilialan palvelut ty\u00f6vaate-, henkil\u00f6nsuojain-, matto-, hotelli- ja ravintolatekstiilipalveluista teollisuuspyyhepalveluihin.\",\"publisher\":{\"@id\":\"https:\/\/store.lindstromgroup.com\/en\/#organization\"},\"potentialAction\":[{\"@type\":\"SearchAction\",\"target\":{\"@type\":\"EntryPoint\",\"urlTemplate\":\"https:\/\/store.lindstromgroup.com\/en\/?s={search_term_string}\"},\"query-input\":{\"@type\":\"PropertyValueSpecification\",\"valueRequired\":true,\"valueName\":\"search_term_string\"}}],\"inLanguage\":\"en-US\"},{\"@type\":\"Organization\",\"@id\":\"https:\/\/store.lindstromgroup.com\/en\/#organization\",\"name\":\"Lindstr\u00f6m Verkkokauppa\",\"url\":\"https:\/\/store.lindstromgroup.com\/en\/\",\"logo\":{\"@type\":\"ImageObject\",\"inLanguage\":\"en-US\",\"@id\":\"https:\/\/store.lindstromgroup.com\/en\/#\/schema\/logo\/image\/\",\"url\":\"https:\/\/store.lindstromgroup.com\/wp-content\/uploads\/2025\/10\/Logo512-1.png\",\"contentUrl\":\"https:\/\/store.lindstromgroup.com\/wp-content\/uploads\/2025\/10\/Logo512-1.png\",\"width\":512,\"height\":109,\"caption\":\"Lindstr\u00f6m Verkkokauppa\"},\"image\":{\"@id\":\"https:\/\/store.lindstromgroup.com\/en\/#\/schema\/logo\/image\/\"},\"sameAs\":[\"https:\/\/www.facebook.com\/lindstromsuomi\/\",\"https:\/\/x.com\/GroupLindstrom\",\"https:\/\/www.linkedin.com\/company\/lindstrom\/\"]}]}<\/script>\n<!-- \/ Yoast SEO plugin. -->","yoast_head_json":{"title":"FOAM SOAP 500 ML - Lindstr\u00f6m","robots":{"index":"noindex","follow":"follow","max-snippet":"max-snippet:-1","max-image-preview":"max-image-preview:large","max-video-preview":"max-video-preview:-1"},"og_locale":"en_US","og_type":"article","og_title":"FOAM SOAP 500 ML - Lindstr\u00f6m","og_description":"Foam soap approx. 1,250 portions \/ 500 mlFor Paradise dispensers CS29 and CS71.","og_url":"https:\/\/store.lindstromgroup.com\/en\/webstore\/hygiene\/detergents\/foam-soaps\/foam-soap-500-ml\/","og_site_name":"Lindstr\u00f6m Verkkokauppa","article_publisher":"https:\/\/www.facebook.com\/lindstromsuomi\/","article_modified_time":"2026-02-06T16:45:03+00:00","og_image":[{"width":1500,"height":1001,"url":"https:\/\/store.lindstromgroup.com\/wp-content\/uploads\/2017\/11\/some-jako-1.jpg","type":"image\/jpeg"}],"twitter_card":"summary_large_image","twitter_site":"@GroupLindstrom","schema":{"@context":"https:\/\/schema.org","@graph":[{"@type":"WebPage","@id":"https:\/\/store.lindstromgroup.com\/en\/webstore\/hygiene\/detergents\/foam-soaps\/foam-soap-500-ml\/","url":"https:\/\/store.lindstromgroup.com\/en\/webstore\/hygiene\/detergents\/foam-soaps\/foam-soap-500-ml\/","name":"FOAM SOAP 500 ML - Lindstr\u00f6m","isPartOf":{"@id":"https:\/\/store.lindstromgroup.com\/en\/#website"},"datePublished":"2018-06-28T18:50:03+00:00","dateModified":"2026-02-06T16:45:03+00:00","breadcrumb":{"@id":"https:\/\/store.lindstromgroup.com\/en\/webstore\/hygiene\/detergents\/foam-soaps\/foam-soap-500-ml\/#breadcrumb"},"inLanguage":"en-US","potentialAction":[{"@type":"ReadAction","target":["https:\/\/store.lindstromgroup.com\/en\/webstore\/hygiene\/detergents\/foam-soaps\/foam-soap-500-ml\/"]}]},{"@type":"BreadcrumbList","@id":"https:\/\/store.lindstromgroup.com\/en\/webstore\/hygiene\/detergents\/foam-soaps\/foam-soap-500-ml\/#breadcrumb","itemListElement":[{"@type":"ListItem","position":1,"name":"","item":"https:\/\/store.lindstromgroup.com\/en\/"},{"@type":"ListItem","position":2,"name":"Shop","item":"https:\/\/store.lindstromgroup.com\/en\/shop\/"},{"@type":"ListItem","position":3,"name":"Hygiene","item":"https:\/\/store.lindstromgroup.com\/en\/product-category\/hygiene\/"},{"@type":"ListItem","position":4,"name":"Detergents","item":"https:\/\/store.lindstromgroup.com\/en\/product-category\/hygiene\/detergents\/"},{"@type":"ListItem","position":5,"name":"Foam soaps","item":"https:\/\/store.lindstromgroup.com\/en\/product-category\/hygiene\/detergents\/foam-soaps\/"},{"@type":"ListItem","position":6,"name":"FOAM SOAP 500 ML"}]},{"@type":"WebSite","@id":"https:\/\/store.lindstromgroup.com\/en\/#website","url":"https:\/\/store.lindstromgroup.com\/en\/","name":"Lindstr\u00f6m Verkkokauppa","description":"Lindstr\u00f6m on yksi Euroopan johtavista tekstiilipalveluyrityksist\u00e4. Meill\u00e4 on yli 165 vuoden kokemus alalta. Tarjoamme kattavat tekstiilialan palvelut ty\u00f6vaate-, henkil\u00f6nsuojain-, matto-, hotelli- ja ravintolatekstiilipalveluista teollisuuspyyhepalveluihin.","publisher":{"@id":"https:\/\/store.lindstromgroup.com\/en\/#organization"},"potentialAction":[{"@type":"SearchAction","target":{"@type":"EntryPoint","urlTemplate":"https:\/\/store.lindstromgroup.com\/en\/?s={search_term_string}"},"query-input":{"@type":"PropertyValueSpecification","valueRequired":true,"valueName":"search_term_string"}}],"inLanguage":"en-US"},{"@type":"Organization","@id":"https:\/\/store.lindstromgroup.com\/en\/#organization","name":"Lindstr\u00f6m Verkkokauppa","url":"https:\/\/store.lindstromgroup.com\/en\/","logo":{"@type":"ImageObject","inLanguage":"en-US","@id":"https:\/\/store.lindstromgroup.com\/en\/#\/schema\/logo\/image\/","url":"https:\/\/store.lindstromgroup.com\/wp-content\/uploads\/2025\/10\/Logo512-1.png","contentUrl":"https:\/\/store.lindstromgroup.com\/wp-content\/uploads\/2025\/10\/Logo512-1.png","width":512,"height":109,"caption":"Lindstr\u00f6m Verkkokauppa"},"image":{"@id":"https:\/\/store.lindstromgroup.com\/en\/#\/schema\/logo\/image\/"},"sameAs":["https:\/\/www.facebook.com\/lindstromsuomi\/","https:\/\/x.com\/GroupLindstrom","https:\/\/www.linkedin.com\/company\/lindstrom\/"]}]}},"_links":{"self":[{"href":"https:\/\/store.lindstromgroup.com\/en\/wp-json\/wp\/v2\/product\/50122","targetHints":{"allow":["GET"]}}],"collection":[{"href":"https:\/\/store.lindstromgroup.com\/en\/wp-json\/wp\/v2\/product"}],"about":[{"href":"https:\/\/store.lindstromgroup.com\/en\/wp-json\/wp\/v2\/types\/product"}],"wp:attachment":[{"href":"https:\/\/store.lindstromgroup.com\/en\/wp-json\/wp\/v2\/media?parent=50122"}],"wp:term":[{"taxonomy":"product_brand","embeddable":true,"href":"https:\/\/store.lindstromgroup.com\/en\/wp-json\/wp\/v2\/product_brand?post=50122"},{"taxonomy":"product_cat","embeddable":true,"href":"https:\/\/store.lindstromgroup.com\/en\/wp-json\/wp\/v2\/product_cat?post=50122"},{"taxonomy":"product_tag","embeddable":true,"href":"https:\/\/store.lindstromgroup.com\/en\/wp-json\/wp\/v2\/product_tag?post=50122"}],"curies":[{"name":"wp","href":"https:\/\/api.w.org\/{rel}","templated":true}]}}