{"id":202496,"date":"2020-11-06T23:04:40","date_gmt":"2020-11-06T21:04:41","guid":{"rendered":"https:\/\/store.lindstromgroup.com\/verkkokauppa\/Ei-luokiteltu\/abrasiva-industrial-soap-dispenser\/"},"modified":"2025-05-30T12:32:05","modified_gmt":"2025-05-30T09:32:05","slug":"abrasiva-industrial-soap-dispenser","status":"publish","type":"product","link":"https:\/\/store.lindstromgroup.com\/en\/webstore\/hygiene\/detergent-dispenser\/abrasiva-dispenser\/abrasiva-industrial-soap-dispenser\/","title":{"rendered":"ABRASIVA INDUSTRIAL SOAP DISPE"},"content":{"rendered":"","protected":false},"excerpt":{"rendered":"","protected":false},"featured_media":0,"template":"","meta":{"_acf_changed":false,"product_number":"","standard1":"","standard2":"","standard3":"","standard4":"","standard5":"","standard6":"","standard7":"","standard8":"","notifiedbody":"","notifiedbodycode":"","notifiedbodyaddress":"","issuedate":"","certno":"","ppecat":""},"product_brand":[],"product_cat":[1321,1315,1293],"product_tag":[],"class_list":{"0":"post-202496","1":"product","2":"type-product","3":"status-publish","5":"product_cat-abrasiva-dispenser","6":"product_cat-detergent-dispenser","7":"product_cat-hygiene","9":"first","10":"instock","11":"taxable","12":"shipping-taxable","13":"product-type-simple"},"acf":[],"yoast_head":"<!-- This site is optimized with the Yoast SEO plugin v26.9 - https:\/\/yoast.com\/product\/yoast-seo-wordpress\/ -->\n<title>ABRASIVA INDUSTRIAL SOAP DISPE - Lindstr\u00f6m<\/title>\n<meta name=\"robots\" content=\"noindex, follow, max-snippet:-1, max-image-preview:large, max-video-preview:-1\" \/>\n<meta property=\"og:locale\" content=\"en_US\" \/>\n<meta property=\"og:type\" content=\"article\" \/>\n<meta property=\"og:title\" content=\"ABRASIVA INDUSTRIAL SOAP DISPE - Lindstr\u00f6m\" \/>\n<meta property=\"og:url\" content=\"https:\/\/store.lindstromgroup.com\/en\/webstore\/hygiene\/detergent-dispenser\/abrasiva-dispenser\/abrasiva-industrial-soap-dispenser\/\" \/>\n<meta property=\"og:site_name\" content=\"Lindstr\u00f6m Verkkokauppa\" \/>\n<meta property=\"article:publisher\" content=\"https:\/\/www.facebook.com\/lindstromsuomi\/\" \/>\n<meta property=\"article:modified_time\" content=\"2025-05-30T09:32:05+00:00\" \/>\n<meta property=\"og:image\" content=\"https:\/\/store.lindstromgroup.com\/wp-content\/uploads\/2017\/11\/some-jako-1.jpg\" \/>\n\t<meta property=\"og:image:width\" content=\"1500\" \/>\n\t<meta property=\"og:image:height\" content=\"1001\" \/>\n\t<meta property=\"og:image:type\" content=\"image\/jpeg\" \/>\n<meta name=\"twitter:card\" content=\"summary_large_image\" \/>\n<meta name=\"twitter:site\" content=\"@GroupLindstrom\" \/>\n<script type=\"application\/ld+json\" class=\"yoast-schema-graph\">{\"@context\":\"https:\/\/schema.org\",\"@graph\":[{\"@type\":\"WebPage\",\"@id\":\"https:\/\/store.lindstromgroup.com\/en\/webstore\/hygiene\/detergent-dispenser\/abrasiva-dispenser\/abrasiva-industrial-soap-dispenser\/\",\"url\":\"https:\/\/store.lindstromgroup.com\/en\/webstore\/hygiene\/detergent-dispenser\/abrasiva-dispenser\/abrasiva-industrial-soap-dispenser\/\",\"name\":\"ABRASIVA INDUSTRIAL SOAP DISPE - Lindstr\u00f6m\",\"isPartOf\":{\"@id\":\"https:\/\/store.lindstromgroup.com\/en\/#website\"},\"datePublished\":\"2020-11-06T21:04:41+00:00\",\"dateModified\":\"2025-05-30T09:32:05+00:00\",\"breadcrumb\":{\"@id\":\"https:\/\/store.lindstromgroup.com\/en\/webstore\/hygiene\/detergent-dispenser\/abrasiva-dispenser\/abrasiva-industrial-soap-dispenser\/#breadcrumb\"},\"inLanguage\":\"en-US\",\"potentialAction\":[{\"@type\":\"ReadAction\",\"target\":[\"https:\/\/store.lindstromgroup.com\/en\/webstore\/hygiene\/detergent-dispenser\/abrasiva-dispenser\/abrasiva-industrial-soap-dispenser\/\"]}]},{\"@type\":\"BreadcrumbList\",\"@id\":\"https:\/\/store.lindstromgroup.com\/en\/webstore\/hygiene\/detergent-dispenser\/abrasiva-dispenser\/abrasiva-industrial-soap-dispenser\/#breadcrumb\",\"itemListElement\":[{\"@type\":\"ListItem\",\"position\":1,\"name\":\"\",\"item\":\"https:\/\/store.lindstromgroup.com\/en\/\"},{\"@type\":\"ListItem\",\"position\":2,\"name\":\"Shop\",\"item\":\"https:\/\/store.lindstromgroup.com\/en\/shop\/\"},{\"@type\":\"ListItem\",\"position\":3,\"name\":\"Hygiene\",\"item\":\"https:\/\/store.lindstromgroup.com\/en\/product-category\/hygiene\/\"},{\"@type\":\"ListItem\",\"position\":4,\"name\":\"Detergent dispenser\",\"item\":\"https:\/\/store.lindstromgroup.com\/en\/product-category\/hygiene\/detergent-dispenser\/\"},{\"@type\":\"ListItem\",\"position\":5,\"name\":\"Abrasiva dispenser\",\"item\":\"https:\/\/store.lindstromgroup.com\/en\/product-category\/hygiene\/detergent-dispenser\/abrasiva-dispenser\/\"},{\"@type\":\"ListItem\",\"position\":6,\"name\":\"ABRASIVA INDUSTRIAL SOAP DISPE\"}]},{\"@type\":\"WebSite\",\"@id\":\"https:\/\/store.lindstromgroup.com\/en\/#website\",\"url\":\"https:\/\/store.lindstromgroup.com\/en\/\",\"name\":\"Lindstr\u00f6m Verkkokauppa\",\"description\":\"Lindstr\u00f6m on yksi Euroopan johtavista tekstiilipalveluyrityksist\u00e4. Meill\u00e4 on yli 165 vuoden kokemus alalta. Tarjoamme kattavat tekstiilialan palvelut ty\u00f6vaate-, henkil\u00f6nsuojain-, matto-, hotelli- ja ravintolatekstiilipalveluista teollisuuspyyhepalveluihin.\",\"publisher\":{\"@id\":\"https:\/\/store.lindstromgroup.com\/en\/#organization\"},\"potentialAction\":[{\"@type\":\"SearchAction\",\"target\":{\"@type\":\"EntryPoint\",\"urlTemplate\":\"https:\/\/store.lindstromgroup.com\/en\/?s={search_term_string}\"},\"query-input\":{\"@type\":\"PropertyValueSpecification\",\"valueRequired\":true,\"valueName\":\"search_term_string\"}}],\"inLanguage\":\"en-US\"},{\"@type\":\"Organization\",\"@id\":\"https:\/\/store.lindstromgroup.com\/en\/#organization\",\"name\":\"Lindstr\u00f6m Verkkokauppa\",\"url\":\"https:\/\/store.lindstromgroup.com\/en\/\",\"logo\":{\"@type\":\"ImageObject\",\"inLanguage\":\"en-US\",\"@id\":\"https:\/\/store.lindstromgroup.com\/en\/#\/schema\/logo\/image\/\",\"url\":\"https:\/\/store.lindstromgroup.com\/wp-content\/uploads\/2025\/10\/Logo512-1.png\",\"contentUrl\":\"https:\/\/store.lindstromgroup.com\/wp-content\/uploads\/2025\/10\/Logo512-1.png\",\"width\":512,\"height\":109,\"caption\":\"Lindstr\u00f6m Verkkokauppa\"},\"image\":{\"@id\":\"https:\/\/store.lindstromgroup.com\/en\/#\/schema\/logo\/image\/\"},\"sameAs\":[\"https:\/\/www.facebook.com\/lindstromsuomi\/\",\"https:\/\/x.com\/GroupLindstrom\",\"https:\/\/www.linkedin.com\/company\/lindstrom\/\"]}]}<\/script>\n<!-- \/ Yoast SEO plugin. -->","yoast_head_json":{"title":"ABRASIVA INDUSTRIAL SOAP DISPE - Lindstr\u00f6m","robots":{"index":"noindex","follow":"follow","max-snippet":"max-snippet:-1","max-image-preview":"max-image-preview:large","max-video-preview":"max-video-preview:-1"},"og_locale":"en_US","og_type":"article","og_title":"ABRASIVA INDUSTRIAL SOAP DISPE - Lindstr\u00f6m","og_url":"https:\/\/store.lindstromgroup.com\/en\/webstore\/hygiene\/detergent-dispenser\/abrasiva-dispenser\/abrasiva-industrial-soap-dispenser\/","og_site_name":"Lindstr\u00f6m Verkkokauppa","article_publisher":"https:\/\/www.facebook.com\/lindstromsuomi\/","article_modified_time":"2025-05-30T09:32:05+00:00","og_image":[{"width":1500,"height":1001,"url":"https:\/\/store.lindstromgroup.com\/wp-content\/uploads\/2017\/11\/some-jako-1.jpg","type":"image\/jpeg"}],"twitter_card":"summary_large_image","twitter_site":"@GroupLindstrom","schema":{"@context":"https:\/\/schema.org","@graph":[{"@type":"WebPage","@id":"https:\/\/store.lindstromgroup.com\/en\/webstore\/hygiene\/detergent-dispenser\/abrasiva-dispenser\/abrasiva-industrial-soap-dispenser\/","url":"https:\/\/store.lindstromgroup.com\/en\/webstore\/hygiene\/detergent-dispenser\/abrasiva-dispenser\/abrasiva-industrial-soap-dispenser\/","name":"ABRASIVA INDUSTRIAL SOAP DISPE - Lindstr\u00f6m","isPartOf":{"@id":"https:\/\/store.lindstromgroup.com\/en\/#website"},"datePublished":"2020-11-06T21:04:41+00:00","dateModified":"2025-05-30T09:32:05+00:00","breadcrumb":{"@id":"https:\/\/store.lindstromgroup.com\/en\/webstore\/hygiene\/detergent-dispenser\/abrasiva-dispenser\/abrasiva-industrial-soap-dispenser\/#breadcrumb"},"inLanguage":"en-US","potentialAction":[{"@type":"ReadAction","target":["https:\/\/store.lindstromgroup.com\/en\/webstore\/hygiene\/detergent-dispenser\/abrasiva-dispenser\/abrasiva-industrial-soap-dispenser\/"]}]},{"@type":"BreadcrumbList","@id":"https:\/\/store.lindstromgroup.com\/en\/webstore\/hygiene\/detergent-dispenser\/abrasiva-dispenser\/abrasiva-industrial-soap-dispenser\/#breadcrumb","itemListElement":[{"@type":"ListItem","position":1,"name":"","item":"https:\/\/store.lindstromgroup.com\/en\/"},{"@type":"ListItem","position":2,"name":"Shop","item":"https:\/\/store.lindstromgroup.com\/en\/shop\/"},{"@type":"ListItem","position":3,"name":"Hygiene","item":"https:\/\/store.lindstromgroup.com\/en\/product-category\/hygiene\/"},{"@type":"ListItem","position":4,"name":"Detergent dispenser","item":"https:\/\/store.lindstromgroup.com\/en\/product-category\/hygiene\/detergent-dispenser\/"},{"@type":"ListItem","position":5,"name":"Abrasiva dispenser","item":"https:\/\/store.lindstromgroup.com\/en\/product-category\/hygiene\/detergent-dispenser\/abrasiva-dispenser\/"},{"@type":"ListItem","position":6,"name":"ABRASIVA INDUSTRIAL SOAP DISPE"}]},{"@type":"WebSite","@id":"https:\/\/store.lindstromgroup.com\/en\/#website","url":"https:\/\/store.lindstromgroup.com\/en\/","name":"Lindstr\u00f6m Verkkokauppa","description":"Lindstr\u00f6m on yksi Euroopan johtavista tekstiilipalveluyrityksist\u00e4. Meill\u00e4 on yli 165 vuoden kokemus alalta. Tarjoamme kattavat tekstiilialan palvelut ty\u00f6vaate-, henkil\u00f6nsuojain-, matto-, hotelli- ja ravintolatekstiilipalveluista teollisuuspyyhepalveluihin.","publisher":{"@id":"https:\/\/store.lindstromgroup.com\/en\/#organization"},"potentialAction":[{"@type":"SearchAction","target":{"@type":"EntryPoint","urlTemplate":"https:\/\/store.lindstromgroup.com\/en\/?s={search_term_string}"},"query-input":{"@type":"PropertyValueSpecification","valueRequired":true,"valueName":"search_term_string"}}],"inLanguage":"en-US"},{"@type":"Organization","@id":"https:\/\/store.lindstromgroup.com\/en\/#organization","name":"Lindstr\u00f6m Verkkokauppa","url":"https:\/\/store.lindstromgroup.com\/en\/","logo":{"@type":"ImageObject","inLanguage":"en-US","@id":"https:\/\/store.lindstromgroup.com\/en\/#\/schema\/logo\/image\/","url":"https:\/\/store.lindstromgroup.com\/wp-content\/uploads\/2025\/10\/Logo512-1.png","contentUrl":"https:\/\/store.lindstromgroup.com\/wp-content\/uploads\/2025\/10\/Logo512-1.png","width":512,"height":109,"caption":"Lindstr\u00f6m Verkkokauppa"},"image":{"@id":"https:\/\/store.lindstromgroup.com\/en\/#\/schema\/logo\/image\/"},"sameAs":["https:\/\/www.facebook.com\/lindstromsuomi\/","https:\/\/x.com\/GroupLindstrom","https:\/\/www.linkedin.com\/company\/lindstrom\/"]}]}},"_links":{"self":[{"href":"https:\/\/store.lindstromgroup.com\/en\/wp-json\/wp\/v2\/product\/202496","targetHints":{"allow":["GET"]}}],"collection":[{"href":"https:\/\/store.lindstromgroup.com\/en\/wp-json\/wp\/v2\/product"}],"about":[{"href":"https:\/\/store.lindstromgroup.com\/en\/wp-json\/wp\/v2\/types\/product"}],"wp:attachment":[{"href":"https:\/\/store.lindstromgroup.com\/en\/wp-json\/wp\/v2\/media?parent=202496"}],"wp:term":[{"taxonomy":"product_brand","embeddable":true,"href":"https:\/\/store.lindstromgroup.com\/en\/wp-json\/wp\/v2\/product_brand?post=202496"},{"taxonomy":"product_cat","embeddable":true,"href":"https:\/\/store.lindstromgroup.com\/en\/wp-json\/wp\/v2\/product_cat?post=202496"},{"taxonomy":"product_tag","embeddable":true,"href":"https:\/\/store.lindstromgroup.com\/en\/wp-json\/wp\/v2\/product_tag?post=202496"}],"curies":[{"name":"wp","href":"https:\/\/api.w.org\/{rel}","templated":true}]}}