{"id":125,"date":"2017-06-21T15:21:51","date_gmt":"2017-06-21T12:21:51","guid":{"rendered":"https:\/\/lindstrom-webstore.beta.web-veistamo.fi\/shop-2\/"},"modified":"2017-11-30T12:23:37","modified_gmt":"2017-11-30T10:23:37","slug":"webstore","status":"publish","type":"page","link":"https:\/\/store.lindstromgroup.com\/en\/webstore\/","title":{"rendered":"Webstore"},"content":{"rendered":"<p><img loading=\"lazy\" decoding=\"async\" class=\"alignleft wp-image-17691 size-large\" src=\"https:\/\/store.lindstromgroup.com\/wp-content\/uploads\/2017\/06\/kaikkituotteet-otsikkokuva-e1504165819389-1024x404.jpg\" alt=\"Kaikki tuotteet\" width=\"900\" height=\"355\" srcset=\"https:\/\/store.lindstromgroup.com\/wp-content\/uploads\/2017\/06\/kaikkituotteet-otsikkokuva-e1504165819389-1024x404.jpg 1024w, https:\/\/store.lindstromgroup.com\/wp-content\/uploads\/2017\/06\/kaikkituotteet-otsikkokuva-e1504165819389-600x237.jpg 600w, https:\/\/store.lindstromgroup.com\/wp-content\/uploads\/2017\/06\/kaikkituotteet-otsikkokuva-e1504165819389-500x198.jpg 500w, https:\/\/store.lindstromgroup.com\/wp-content\/uploads\/2017\/06\/kaikkituotteet-otsikkokuva-e1504165819389-768x303.jpg 768w\" sizes=\"auto, (max-width: 900px) 100vw, 900px\" \/><\/p>\n<p><strong style=\"font-size: 1.2rem;\">Hundreds of thousands of people use Lindstr\u00f6m&#8217;s products every day. We help companies of all sizes and communities in different industries to find the right products.<\/strong><\/p>\n<p>&nbsp;<\/p>\n","protected":false},"excerpt":{"rendered":"<p>Hundreds of thousands of people use Lindstr\u00f6m&#8217;s products every day. We help companies of all sizes and communities in different industries to find the right products. &nbsp;<\/p>\n","protected":false},"author":3,"featured_media":0,"parent":0,"menu_order":0,"comment_status":"closed","ping_status":"closed","template":"","meta":{"_acf_changed":false,"product_number":"","standard1":"","standard2":"","standard3":"","standard4":"","standard5":"","standard6":"","standard7":"","standard8":"","notifiedbody":"","notifiedbodycode":"","notifiedbodyaddress":"","issuedate":"","certno":"","ppecat":"","footnotes":""},"class_list":["post-125","page","type-page","status-publish","hentry"],"acf":[],"yoast_head":"<!-- This site is optimized with the Yoast SEO plugin v26.9 - https:\/\/yoast.com\/product\/yoast-seo-wordpress\/ -->\n<title>Webstore - Lindstr\u00f6m<\/title>\n<meta name=\"robots\" content=\"noindex, follow, max-snippet:-1, max-image-preview:large, max-video-preview:-1\" \/>\n<meta property=\"og:locale\" content=\"en_US\" \/>\n<meta property=\"og:type\" content=\"article\" \/>\n<meta property=\"og:title\" content=\"Webstore - Lindstr\u00f6m\" \/>\n<meta property=\"og:description\" content=\"Hundreds of thousands of people use Lindstr\u00f6m&#8217;s products every day. We help companies of all sizes and communities in different industries to find the right products. &nbsp;\" \/>\n<meta property=\"og:url\" content=\"https:\/\/store.lindstromgroup.com\/en\/webstore\/\" \/>\n<meta property=\"og:site_name\" content=\"Lindstr\u00f6m Verkkokauppa\" \/>\n<meta property=\"article:publisher\" content=\"https:\/\/www.facebook.com\/lindstromsuomi\/\" \/>\n<meta property=\"article:modified_time\" content=\"2017-11-30T10:23:37+00:00\" \/>\n<meta property=\"og:image\" content=\"https:\/\/store.lindstromgroup.com\/wp-content\/uploads\/2017\/06\/kaikkituotteet-otsikkokuva-e1504165819389-1024x404.jpg\" \/>\n<meta name=\"twitter:card\" content=\"summary_large_image\" \/>\n<meta name=\"twitter:site\" content=\"@GroupLindstrom\" \/>\n<script type=\"application\/ld+json\" class=\"yoast-schema-graph\">{\"@context\":\"https:\/\/schema.org\",\"@graph\":[{\"@type\":\"WebPage\",\"@id\":\"https:\/\/store.lindstromgroup.com\/en\/webstore\/\",\"url\":\"https:\/\/store.lindstromgroup.com\/en\/webstore\/\",\"name\":\"Webstore - Lindstr\u00f6m\",\"isPartOf\":{\"@id\":\"https:\/\/store.lindstromgroup.com\/en\/#website\"},\"primaryImageOfPage\":{\"@id\":\"https:\/\/store.lindstromgroup.com\/en\/webstore\/#primaryimage\"},\"image\":{\"@id\":\"https:\/\/store.lindstromgroup.com\/en\/webstore\/#primaryimage\"},\"thumbnailUrl\":\"https:\/\/store.lindstromgroup.com\/wp-content\/uploads\/2017\/06\/kaikkituotteet-otsikkokuva-e1504165819389-1024x404.jpg\",\"datePublished\":\"2017-06-21T12:21:51+00:00\",\"dateModified\":\"2017-11-30T10:23:37+00:00\",\"breadcrumb\":{\"@id\":\"https:\/\/store.lindstromgroup.com\/en\/webstore\/#breadcrumb\"},\"inLanguage\":\"en-US\",\"potentialAction\":[{\"@type\":\"ReadAction\",\"target\":[\"https:\/\/store.lindstromgroup.com\/en\/webstore\/\"]}]},{\"@type\":\"ImageObject\",\"inLanguage\":\"en-US\",\"@id\":\"https:\/\/store.lindstromgroup.com\/en\/webstore\/#primaryimage\",\"url\":\"https:\/\/store.lindstromgroup.com\/wp-content\/uploads\/2017\/06\/kaikkituotteet-otsikkokuva-e1504165819389-1024x404.jpg\",\"contentUrl\":\"https:\/\/store.lindstromgroup.com\/wp-content\/uploads\/2017\/06\/kaikkituotteet-otsikkokuva-e1504165819389-1024x404.jpg\"},{\"@type\":\"BreadcrumbList\",\"@id\":\"https:\/\/store.lindstromgroup.com\/en\/webstore\/#breadcrumb\",\"itemListElement\":[{\"@type\":\"ListItem\",\"position\":1,\"name\":\"\",\"item\":\"https:\/\/store.lindstromgroup.com\/en\/\"},{\"@type\":\"ListItem\",\"position\":2,\"name\":\"Webstore\"}]},{\"@type\":\"WebSite\",\"@id\":\"https:\/\/store.lindstromgroup.com\/en\/#website\",\"url\":\"https:\/\/store.lindstromgroup.com\/en\/\",\"name\":\"Lindstr\u00f6m Verkkokauppa\",\"description\":\"Lindstr\u00f6m on yksi Euroopan johtavista tekstiilipalveluyrityksist\u00e4. Meill\u00e4 on yli 165 vuoden kokemus alalta. Tarjoamme kattavat tekstiilialan palvelut ty\u00f6vaate-, henkil\u00f6nsuojain-, matto-, hotelli- ja ravintolatekstiilipalveluista teollisuuspyyhepalveluihin.\",\"publisher\":{\"@id\":\"https:\/\/store.lindstromgroup.com\/en\/#organization\"},\"potentialAction\":[{\"@type\":\"SearchAction\",\"target\":{\"@type\":\"EntryPoint\",\"urlTemplate\":\"https:\/\/store.lindstromgroup.com\/en\/?s={search_term_string}\"},\"query-input\":{\"@type\":\"PropertyValueSpecification\",\"valueRequired\":true,\"valueName\":\"search_term_string\"}}],\"inLanguage\":\"en-US\"},{\"@type\":\"Organization\",\"@id\":\"https:\/\/store.lindstromgroup.com\/en\/#organization\",\"name\":\"Lindstr\u00f6m Verkkokauppa\",\"url\":\"https:\/\/store.lindstromgroup.com\/en\/\",\"logo\":{\"@type\":\"ImageObject\",\"inLanguage\":\"en-US\",\"@id\":\"https:\/\/store.lindstromgroup.com\/en\/#\/schema\/logo\/image\/\",\"url\":\"https:\/\/store.lindstromgroup.com\/wp-content\/uploads\/2025\/10\/Logo512-1.png\",\"contentUrl\":\"https:\/\/store.lindstromgroup.com\/wp-content\/uploads\/2025\/10\/Logo512-1.png\",\"width\":512,\"height\":109,\"caption\":\"Lindstr\u00f6m Verkkokauppa\"},\"image\":{\"@id\":\"https:\/\/store.lindstromgroup.com\/en\/#\/schema\/logo\/image\/\"},\"sameAs\":[\"https:\/\/www.facebook.com\/lindstromsuomi\/\",\"https:\/\/x.com\/GroupLindstrom\",\"https:\/\/www.linkedin.com\/company\/lindstrom\/\"]}]}<\/script>\n<!-- \/ Yoast SEO plugin. -->","yoast_head_json":{"title":"Webstore - Lindstr\u00f6m","robots":{"index":"noindex","follow":"follow","max-snippet":"max-snippet:-1","max-image-preview":"max-image-preview:large","max-video-preview":"max-video-preview:-1"},"og_locale":"en_US","og_type":"article","og_title":"Webstore - Lindstr\u00f6m","og_description":"Hundreds of thousands of people use Lindstr\u00f6m&#8217;s products every day. We help companies of all sizes and communities in different industries to find the right products. &nbsp;","og_url":"https:\/\/store.lindstromgroup.com\/en\/webstore\/","og_site_name":"Lindstr\u00f6m Verkkokauppa","article_publisher":"https:\/\/www.facebook.com\/lindstromsuomi\/","article_modified_time":"2017-11-30T10:23:37+00:00","og_image":[{"url":"https:\/\/store.lindstromgroup.com\/wp-content\/uploads\/2017\/06\/kaikkituotteet-otsikkokuva-e1504165819389-1024x404.jpg","type":"","width":"","height":""}],"twitter_card":"summary_large_image","twitter_site":"@GroupLindstrom","schema":{"@context":"https:\/\/schema.org","@graph":[{"@type":"WebPage","@id":"https:\/\/store.lindstromgroup.com\/en\/webstore\/","url":"https:\/\/store.lindstromgroup.com\/en\/webstore\/","name":"Webstore - Lindstr\u00f6m","isPartOf":{"@id":"https:\/\/store.lindstromgroup.com\/en\/#website"},"primaryImageOfPage":{"@id":"https:\/\/store.lindstromgroup.com\/en\/webstore\/#primaryimage"},"image":{"@id":"https:\/\/store.lindstromgroup.com\/en\/webstore\/#primaryimage"},"thumbnailUrl":"https:\/\/store.lindstromgroup.com\/wp-content\/uploads\/2017\/06\/kaikkituotteet-otsikkokuva-e1504165819389-1024x404.jpg","datePublished":"2017-06-21T12:21:51+00:00","dateModified":"2017-11-30T10:23:37+00:00","breadcrumb":{"@id":"https:\/\/store.lindstromgroup.com\/en\/webstore\/#breadcrumb"},"inLanguage":"en-US","potentialAction":[{"@type":"ReadAction","target":["https:\/\/store.lindstromgroup.com\/en\/webstore\/"]}]},{"@type":"ImageObject","inLanguage":"en-US","@id":"https:\/\/store.lindstromgroup.com\/en\/webstore\/#primaryimage","url":"https:\/\/store.lindstromgroup.com\/wp-content\/uploads\/2017\/06\/kaikkituotteet-otsikkokuva-e1504165819389-1024x404.jpg","contentUrl":"https:\/\/store.lindstromgroup.com\/wp-content\/uploads\/2017\/06\/kaikkituotteet-otsikkokuva-e1504165819389-1024x404.jpg"},{"@type":"BreadcrumbList","@id":"https:\/\/store.lindstromgroup.com\/en\/webstore\/#breadcrumb","itemListElement":[{"@type":"ListItem","position":1,"name":"","item":"https:\/\/store.lindstromgroup.com\/en\/"},{"@type":"ListItem","position":2,"name":"Webstore"}]},{"@type":"WebSite","@id":"https:\/\/store.lindstromgroup.com\/en\/#website","url":"https:\/\/store.lindstromgroup.com\/en\/","name":"Lindstr\u00f6m Verkkokauppa","description":"Lindstr\u00f6m on yksi Euroopan johtavista tekstiilipalveluyrityksist\u00e4. Meill\u00e4 on yli 165 vuoden kokemus alalta. Tarjoamme kattavat tekstiilialan palvelut ty\u00f6vaate-, henkil\u00f6nsuojain-, matto-, hotelli- ja ravintolatekstiilipalveluista teollisuuspyyhepalveluihin.","publisher":{"@id":"https:\/\/store.lindstromgroup.com\/en\/#organization"},"potentialAction":[{"@type":"SearchAction","target":{"@type":"EntryPoint","urlTemplate":"https:\/\/store.lindstromgroup.com\/en\/?s={search_term_string}"},"query-input":{"@type":"PropertyValueSpecification","valueRequired":true,"valueName":"search_term_string"}}],"inLanguage":"en-US"},{"@type":"Organization","@id":"https:\/\/store.lindstromgroup.com\/en\/#organization","name":"Lindstr\u00f6m Verkkokauppa","url":"https:\/\/store.lindstromgroup.com\/en\/","logo":{"@type":"ImageObject","inLanguage":"en-US","@id":"https:\/\/store.lindstromgroup.com\/en\/#\/schema\/logo\/image\/","url":"https:\/\/store.lindstromgroup.com\/wp-content\/uploads\/2025\/10\/Logo512-1.png","contentUrl":"https:\/\/store.lindstromgroup.com\/wp-content\/uploads\/2025\/10\/Logo512-1.png","width":512,"height":109,"caption":"Lindstr\u00f6m Verkkokauppa"},"image":{"@id":"https:\/\/store.lindstromgroup.com\/en\/#\/schema\/logo\/image\/"},"sameAs":["https:\/\/www.facebook.com\/lindstromsuomi\/","https:\/\/x.com\/GroupLindstrom","https:\/\/www.linkedin.com\/company\/lindstrom\/"]}]}},"_links":{"self":[{"href":"https:\/\/store.lindstromgroup.com\/en\/wp-json\/wp\/v2\/pages\/125","targetHints":{"allow":["GET"]}}],"collection":[{"href":"https:\/\/store.lindstromgroup.com\/en\/wp-json\/wp\/v2\/pages"}],"about":[{"href":"https:\/\/store.lindstromgroup.com\/en\/wp-json\/wp\/v2\/types\/page"}],"author":[{"embeddable":true,"href":"https:\/\/store.lindstromgroup.com\/en\/wp-json\/wp\/v2\/users\/3"}],"replies":[{"embeddable":true,"href":"https:\/\/store.lindstromgroup.com\/en\/wp-json\/wp\/v2\/comments?post=125"}],"version-history":[{"count":3,"href":"https:\/\/store.lindstromgroup.com\/en\/wp-json\/wp\/v2\/pages\/125\/revisions"}],"predecessor-version":[{"id":48652,"href":"https:\/\/store.lindstromgroup.com\/en\/wp-json\/wp\/v2\/pages\/125\/revisions\/48652"}],"wp:attachment":[{"href":"https:\/\/store.lindstromgroup.com\/en\/wp-json\/wp\/v2\/media?parent=125"}],"curies":[{"name":"wp","href":"https:\/\/api.w.org\/{rel}","templated":true}]}}